{"id":2,"date":"2024-10-14T16:20:41","date_gmt":"2024-10-14T16:20:41","guid":{"rendered":"https:\/\/ps-dental-og.at\/?page_id=2"},"modified":"2024-10-15T08:08:59","modified_gmt":"2024-10-15T08:08:59","slug":"sample-page","status":"publish","type":"page","link":"https:\/\/ps-dental-og.at\/","title":{"rendered":"PS Dental OG"},"content":{"rendered":"\t\t<div data-elementor-type=\"wp-page\" data-elementor-id=\"2\" class=\"elementor elementor-2\">\n\t\t\t\t<div class=\"elementor-element elementor-element-4a20efe6 e-flex e-con-boxed e-con e-parent\" data-id=\"4a20efe6\" data-element_type=\"container\" data-settings=\"{&quot;background_background&quot;:&quot;classic&quot;}\">\n\t\t\t\t\t<div class=\"e-con-inner\">\n\t\t\t\t<div class=\"elementor-element elementor-element-e81110e elementor-widget elementor-widget-heading\" data-id=\"e81110e\" data-element_type=\"widget\" data-widget_type=\"heading.default\">\n\t\t\t\t<div class=\"elementor-widget-container\">\n\t\t\t<h6 class=\"elementor-heading-title elementor-size-default\">PS DEntal OG<\/h6>\t\t<\/div>\n\t\t\t\t<\/div>\n\t\t\t\t<div class=\"elementor-element elementor-element-4159a7f2 elementor-widget elementor-widget-heading\" data-id=\"4159a7f2\" data-element_type=\"widget\" data-widget_type=\"heading.default\">\n\t\t\t\t<div class=\"elementor-widget-container\">\n\t\t\t<h1 class=\"elementor-heading-title elementor-size-default\">Unsere Website wird gerade aktualisiert<\/h1>\t\t<\/div>\n\t\t\t\t<\/div>\n\t\t\t\t<div class=\"elementor-element elementor-element-6581d98d elementor-widget elementor-widget-heading\" data-id=\"6581d98d\" data-element_type=\"widget\" data-widget_type=\"heading.default\">\n\t\t\t\t<div class=\"elementor-widget-container\">\n\t\t\t<h5 class=\"elementor-heading-title elementor-size-default\"><p>Falls Sie Fragen haben oder uns erreichen m\u00f6chten, k\u00f6nnen Sie uns jederzeit \u00fcber <\/p><p>info@ps-dental-og.at kontaktieren.<\/p><p>Vielen Dank f\u00fcr Ihr Verst\u00e4ndnis und Ihre Geduld!\nIhr PS Dental OG Team<\/p><\/h5>\t\t<\/div>\n\t\t\t\t<\/div>\n\t\t\t\t\t<\/div>\n\t\t\t\t<\/div>\n\t\t\t\t<\/div>\n\t\t","protected":false},"excerpt":{"rendered":"<p>PS DEntal OG Unsere Website wird gerade aktualisiert Falls Sie Fragen haben oder uns erreichen m\u00f6chten, k\u00f6nnen Sie uns jederzeit \u00fcber info@ps-dental-og.at kontaktieren. Vielen Dank f\u00fcr Ihr Verst\u00e4ndnis und Ihre Geduld! Ihr PS Dental OG Team<\/p>\n","protected":false},"author":1,"featured_media":0,"parent":0,"menu_order":0,"comment_status":"closed","ping_status":"open","template":"","meta":{"footnotes":""},"class_list":["post-2","page","type-page","status-publish","hentry"],"yoast_head":"<!-- This site is optimized with the Yoast SEO plugin v23.6 - https:\/\/yoast.com\/wordpress\/plugins\/seo\/ -->\n<title>PS Dental OG -<\/title>\n<meta name=\"robots\" content=\"index, follow, max-snippet:-1, max-image-preview:large, max-video-preview:-1\" \/>\n<link rel=\"canonical\" href=\"https:\/\/ps-dental-og.at\/\" \/>\n<meta property=\"og:locale\" content=\"de_DE\" \/>\n<meta property=\"og:type\" content=\"article\" \/>\n<meta property=\"og:title\" content=\"PS Dental OG -\" \/>\n<meta property=\"og:description\" content=\"PS DEntal OG Unsere Website wird gerade aktualisiert Falls Sie Fragen haben oder uns erreichen m\u00f6chten, k\u00f6nnen Sie uns jederzeit \u00fcber info@ps-dental-og.at kontaktieren. Vielen Dank f\u00fcr Ihr Verst\u00e4ndnis und Ihre Geduld! Ihr PS Dental OG Team\" \/>\n<meta property=\"og:url\" content=\"https:\/\/ps-dental-og.at\/\" \/>\n<meta property=\"article:modified_time\" content=\"2024-10-15T08:08:59+00:00\" \/>\n<meta name=\"twitter:card\" content=\"summary_large_image\" \/>\n<meta name=\"twitter:label1\" content=\"Gesch\u00e4tzte Lesezeit\" \/>\n\t<meta name=\"twitter:data1\" content=\"1\u00a0Minute\" \/>\n<script type=\"application\/ld+json\" class=\"yoast-schema-graph\">{\"@context\":\"https:\/\/schema.org\",\"@graph\":[{\"@type\":\"WebPage\",\"@id\":\"https:\/\/ps-dental-og.at\/\",\"url\":\"https:\/\/ps-dental-og.at\/\",\"name\":\"PS Dental OG -\",\"isPartOf\":{\"@id\":\"https:\/\/ps-dental-og.at\/#website\"},\"datePublished\":\"2024-10-14T16:20:41+00:00\",\"dateModified\":\"2024-10-15T08:08:59+00:00\",\"breadcrumb\":{\"@id\":\"https:\/\/ps-dental-og.at\/#breadcrumb\"},\"inLanguage\":\"de\",\"potentialAction\":[{\"@type\":\"ReadAction\",\"target\":[\"https:\/\/ps-dental-og.at\/\"]}]},{\"@type\":\"BreadcrumbList\",\"@id\":\"https:\/\/ps-dental-og.at\/#breadcrumb\",\"itemListElement\":[{\"@type\":\"ListItem\",\"position\":1,\"name\":\"Startseite\",\"item\":\"https:\/\/ps-dental-og.at\/\"},{\"@type\":\"ListItem\",\"position\":2,\"name\":\"PS Dental OG\"}]},{\"@type\":\"WebSite\",\"@id\":\"https:\/\/ps-dental-og.at\/#website\",\"url\":\"https:\/\/ps-dental-og.at\/\",\"name\":\"\",\"description\":\"\",\"potentialAction\":[{\"@type\":\"SearchAction\",\"target\":{\"@type\":\"EntryPoint\",\"urlTemplate\":\"https:\/\/ps-dental-og.at\/?s={search_term_string}\"},\"query-input\":{\"@type\":\"PropertyValueSpecification\",\"valueRequired\":true,\"valueName\":\"search_term_string\"}}],\"inLanguage\":\"de\"}]}<\/script>\n<!-- \/ Yoast SEO plugin. -->","yoast_head_json":{"title":"PS Dental OG -","robots":{"index":"index","follow":"follow","max-snippet":"max-snippet:-1","max-image-preview":"max-image-preview:large","max-video-preview":"max-video-preview:-1"},"canonical":"https:\/\/ps-dental-og.at\/","og_locale":"de_DE","og_type":"article","og_title":"PS Dental OG -","og_description":"PS DEntal OG Unsere Website wird gerade aktualisiert Falls Sie Fragen haben oder uns erreichen m\u00f6chten, k\u00f6nnen Sie uns jederzeit \u00fcber info@ps-dental-og.at kontaktieren. Vielen Dank f\u00fcr Ihr Verst\u00e4ndnis und Ihre Geduld! Ihr PS Dental OG Team","og_url":"https:\/\/ps-dental-og.at\/","article_modified_time":"2024-10-15T08:08:59+00:00","twitter_card":"summary_large_image","twitter_misc":{"Gesch\u00e4tzte Lesezeit":"1\u00a0Minute"},"schema":{"@context":"https:\/\/schema.org","@graph":[{"@type":"WebPage","@id":"https:\/\/ps-dental-og.at\/","url":"https:\/\/ps-dental-og.at\/","name":"PS Dental OG -","isPartOf":{"@id":"https:\/\/ps-dental-og.at\/#website"},"datePublished":"2024-10-14T16:20:41+00:00","dateModified":"2024-10-15T08:08:59+00:00","breadcrumb":{"@id":"https:\/\/ps-dental-og.at\/#breadcrumb"},"inLanguage":"de","potentialAction":[{"@type":"ReadAction","target":["https:\/\/ps-dental-og.at\/"]}]},{"@type":"BreadcrumbList","@id":"https:\/\/ps-dental-og.at\/#breadcrumb","itemListElement":[{"@type":"ListItem","position":1,"name":"Startseite","item":"https:\/\/ps-dental-og.at\/"},{"@type":"ListItem","position":2,"name":"PS Dental OG"}]},{"@type":"WebSite","@id":"https:\/\/ps-dental-og.at\/#website","url":"https:\/\/ps-dental-og.at\/","name":"","description":"","potentialAction":[{"@type":"SearchAction","target":{"@type":"EntryPoint","urlTemplate":"https:\/\/ps-dental-og.at\/?s={search_term_string}"},"query-input":{"@type":"PropertyValueSpecification","valueRequired":true,"valueName":"search_term_string"}}],"inLanguage":"de"}]}},"_links":{"self":[{"href":"https:\/\/ps-dental-og.at\/index.php\/wp-json\/wp\/v2\/pages\/2","targetHints":{"allow":["GET"]}}],"collection":[{"href":"https:\/\/ps-dental-og.at\/index.php\/wp-json\/wp\/v2\/pages"}],"about":[{"href":"https:\/\/ps-dental-og.at\/index.php\/wp-json\/wp\/v2\/types\/page"}],"author":[{"embeddable":true,"href":"https:\/\/ps-dental-og.at\/index.php\/wp-json\/wp\/v2\/users\/1"}],"replies":[{"embeddable":true,"href":"https:\/\/ps-dental-og.at\/index.php\/wp-json\/wp\/v2\/comments?post=2"}],"version-history":[{"count":10,"href":"https:\/\/ps-dental-og.at\/index.php\/wp-json\/wp\/v2\/pages\/2\/revisions"}],"predecessor-version":[{"id":86,"href":"https:\/\/ps-dental-og.at\/index.php\/wp-json\/wp\/v2\/pages\/2\/revisions\/86"}],"wp:attachment":[{"href":"https:\/\/ps-dental-og.at\/index.php\/wp-json\/wp\/v2\/media?parent=2"}],"curies":[{"name":"wp","href":"https:\/\/api.w.org\/{rel}","templated":true}]}}